{"id":46,"date":"2024-02-22T11:51:29","date_gmt":"2024-02-22T11:51:29","guid":{"rendered":"https:\/\/www.ditib-hattingen.de\/?page_id=46"},"modified":"2024-02-22T11:52:56","modified_gmt":"2024-02-22T11:52:56","slug":"hauptseite","status":"publish","type":"page","link":"https:\/\/www.ditib-hattingen.de\/","title":{"rendered":"Hauptseite"},"content":{"rendered":"\n<p>Herzlich Willkommen auf der Internet Plattform der DITIB &#8211; T\u00fcrkisch Islamischen Gemeinde zu Hattingen e.V.<\/p>\n\n\n\n<p>Auf dieser Plattform m\u00f6chten wir Ihnen Neuigkeiten aus der Gemeinde vorstellen.<\/p>\n\n\n\n<p>Vielen Dank f\u00fcr Ihr Interesse<\/p>\n\n\n\n<p>Der Vorstand<\/p>\n","protected":false},"excerpt":{"rendered":"<p>Herzlich Willkommen auf der Internet Plattform der DITIB &#8211; T\u00fcrkisch Islamischen Gemeinde zu Hattingen e.V. Auf dieser Plattform m\u00f6chten wir Ihnen Neuigkeiten aus der Gemeinde vorstellen. Vielen Dank f\u00fcr Ihr Interesse Der Vorstand<\/p>\n","protected":false},"author":1,"featured_media":0,"parent":0,"menu_order":0,"comment_status":"closed","ping_status":"closed","template":"","meta":{"footnotes":""},"class_list":["entry","page","publish","author-web36","post-46"],"_links":{"self":[{"href":"https:\/\/www.ditib-hattingen.de\/index.php?rest_route=\/wp\/v2\/pages\/46","targetHints":{"allow":["GET"]}}],"collection":[{"href":"https:\/\/www.ditib-hattingen.de\/index.php?rest_route=\/wp\/v2\/pages"}],"about":[{"href":"https:\/\/www.ditib-hattingen.de\/index.php?rest_route=\/wp\/v2\/types\/page"}],"author":[{"embeddable":true,"href":"https:\/\/www.ditib-hattingen.de\/index.php?rest_route=\/wp\/v2\/users\/1"}],"replies":[{"embeddable":true,"href":"https:\/\/www.ditib-hattingen.de\/index.php?rest_route=%2Fwp%2Fv2%2Fcomments&post=46"}],"version-history":[{"count":4,"href":"https:\/\/www.ditib-hattingen.de\/index.php?rest_route=\/wp\/v2\/pages\/46\/revisions"}],"predecessor-version":[{"id":50,"href":"https:\/\/www.ditib-hattingen.de\/index.php?rest_route=\/wp\/v2\/pages\/46\/revisions\/50"}],"wp:attachment":[{"href":"https:\/\/www.ditib-hattingen.de\/index.php?rest_route=%2Fwp%2Fv2%2Fmedia&parent=46"}],"curies":[{"name":"wp","href":"https:\/\/api.w.org\/{rel}","templated":true}]}}